{"id":818,"date":"2023-08-02T13:21:49","date_gmt":"2023-08-02T11:21:49","guid":{"rendered":"http:\/\/aru-fuvarozas.hu\/?page_id=818"},"modified":"2023-11-01T20:48:09","modified_gmt":"2023-11-01T19:48:09","slug":"kapcsolat","status":"publish","type":"page","link":"https:\/\/aru-fuvarozas.hu\/index.php\/kapcsolat\/","title":{"rendered":"Kapcsolat"},"content":{"rendered":"<p>[et_pb_section fb_built=&#8221;1&#8243; admin_label=&#8221;Footer&#8221; _builder_version=&#8221;4.22.2&#8243; background_color=&#8221;#bcbcbc&#8221; background_enable_image=&#8221;off&#8221; background_position=&#8221;bottom_center&#8221; custom_padding=&#8221;8vw||8vw||true|&#8221; locked=&#8221;off&#8221; global_colors_info=&#8221;{}&#8221; global_module=&#8221;1534&#8243; theme_builder_area=&#8221;post_content&#8221;][et_pb_row _builder_version=&#8221;4.21.0&#8243; _module_preset=&#8221;default&#8221; global_colors_info=&#8221;{}&#8221; theme_builder_area=&#8221;post_content&#8221;][et_pb_column type=&#8221;4_4&#8243; _builder_version=&#8221;4.21.0&#8243; _module_preset=&#8221;default&#8221; global_colors_info=&#8221;{}&#8221; theme_builder_area=&#8221;post_content&#8221;][et_pb_text _builder_version=&#8221;4.22.2&#8243; _module_preset=&#8221;default&#8221; header_3_font=&#8221;Khand|600||on|||||&#8221; header_3_text_align=&#8221;center&#8221; header_3_text_color=&#8221;#0C3917&#8243; header_3_font_size=&#8221;60px&#8221; header_3_letter_spacing=&#8221;2px&#8221; header_3_text_align_tablet=&#8221;center&#8221; header_3_text_align_phone=&#8221;center&#8221; header_3_text_align_last_edited=&#8221;on|desktop&#8221; header_3_font_size_tablet=&#8221;60px&#8221; header_3_font_size_phone=&#8221;25px&#8221; header_3_font_size_last_edited=&#8221;on|desktop&#8221; header_3_letter_spacing_tablet=&#8221;2px&#8221; header_3_letter_spacing_phone=&#8221;2px&#8221; header_3_letter_spacing_last_edited=&#8221;on|desktop&#8221; global_colors_info=&#8221;{}&#8221; theme_builder_area=&#8221;post_content&#8221;]<\/p>\n<h3>Vegye fel vel\u00fcnk a kapcsolatot<\/h3>\n<p>[\/et_pb_text][\/et_pb_column][\/et_pb_row][et_pb_row column_structure=&#8221;1_2,1_2&#8243; _builder_version=&#8221;4.21.0&#8243; _module_preset=&#8221;default&#8221; global_colors_info=&#8221;{}&#8221; theme_builder_area=&#8221;post_content&#8221;][et_pb_column type=&#8221;1_2&#8243; _builder_version=&#8221;4.21.0&#8243; _module_preset=&#8221;default&#8221; global_colors_info=&#8221;{}&#8221; theme_builder_area=&#8221;post_content&#8221;][et_pb_contact_form email=&#8221;info@kosztasped.hu&#8221; _builder_version=&#8221;4.22.2&#8243; _module_preset=&#8221;default&#8221; _unique_id=&#8221;7ee3130e-2afb-402c-b338-a8b4c1b7b065&#8243; captcha_font=&#8221;|600|||||||&#8221; captcha_text_color=&#8221;#FFFFFF&#8221; custom_button=&#8221;on&#8221; button_bg_color=&#8221;#0C3917&#8243; global_colors_info=&#8221;{}&#8221; theme_builder_area=&#8221;post_content&#8221;][et_pb_contact_field field_id=&#8221;Name&#8221; field_title=&#8221;N\u00e9v&#8221; _builder_version=&#8221;4.16&#8243; global_colors_info=&#8221;{}&#8221; button_text_size__hover_enabled=&#8221;off&#8221; button_one_text_size__hover_enabled=&#8221;off&#8221; button_two_text_size__hover_enabled=&#8221;off&#8221; button_text_color__hover_enabled=&#8221;off&#8221; button_one_text_color__hover_enabled=&#8221;off&#8221; button_two_text_color__hover_enabled=&#8221;off&#8221; button_border_width__hover_enabled=&#8221;off&#8221; button_one_border_width__hover_enabled=&#8221;off&#8221; button_two_border_width__hover_enabled=&#8221;off&#8221; button_border_color__hover_enabled=&#8221;off&#8221; button_one_border_color__hover_enabled=&#8221;off&#8221; button_two_border_color__hover_enabled=&#8221;off&#8221; button_border_radius__hover_enabled=&#8221;off&#8221; button_one_border_radius__hover_enabled=&#8221;off&#8221; button_two_border_radius__hover_enabled=&#8221;off&#8221; button_letter_spacing__hover_enabled=&#8221;off&#8221; button_one_letter_spacing__hover_enabled=&#8221;off&#8221; button_two_letter_spacing__hover_enabled=&#8221;off&#8221; button_bg_color__hover_enabled=&#8221;off&#8221; button_one_bg_color__hover_enabled=&#8221;off&#8221; button_two_bg_color__hover_enabled=&#8221;off&#8221; theme_builder_area=&#8221;post_content&#8221;][\/et_pb_contact_field][et_pb_contact_field field_id=&#8221;Phone&#8221; field_title=&#8221;Telefonsz\u00e1m&#8221; _builder_version=&#8221;4.21.0&#8243; global_colors_info=&#8221;{}&#8221; button_text_size__hover_enabled=&#8221;off&#8221; button_one_text_size__hover_enabled=&#8221;off&#8221; button_two_text_size__hover_enabled=&#8221;off&#8221; button_text_color__hover_enabled=&#8221;off&#8221; button_one_text_color__hover_enabled=&#8221;off&#8221; button_two_text_color__hover_enabled=&#8221;off&#8221; button_border_width__hover_enabled=&#8221;off&#8221; button_one_border_width__hover_enabled=&#8221;off&#8221; button_two_border_width__hover_enabled=&#8221;off&#8221; button_border_color__hover_enabled=&#8221;off&#8221; button_one_border_color__hover_enabled=&#8221;off&#8221; button_two_border_color__hover_enabled=&#8221;off&#8221; button_border_radius__hover_enabled=&#8221;off&#8221; button_one_border_radius__hover_enabled=&#8221;off&#8221; button_two_border_radius__hover_enabled=&#8221;off&#8221; button_letter_spacing__hover_enabled=&#8221;off&#8221; button_one_letter_spacing__hover_enabled=&#8221;off&#8221; button_two_letter_spacing__hover_enabled=&#8221;off&#8221; button_bg_color__hover_enabled=&#8221;off&#8221; button_one_bg_color__hover_enabled=&#8221;off&#8221; button_two_bg_color__hover_enabled=&#8221;off&#8221; theme_builder_area=&#8221;post_content&#8221;][\/et_pb_contact_field][et_pb_contact_field field_id=&#8221;Email&#8221; field_title=&#8221;Email c\u00edm&#8221; field_type=&#8221;email&#8221; fullwidth_field=&#8221;on&#8221; _builder_version=&#8221;4.21.0&#8243; global_colors_info=&#8221;{}&#8221; button_text_size__hover_enabled=&#8221;off&#8221; button_one_text_size__hover_enabled=&#8221;off&#8221; button_two_text_size__hover_enabled=&#8221;off&#8221; button_text_color__hover_enabled=&#8221;off&#8221; button_one_text_color__hover_enabled=&#8221;off&#8221; button_two_text_color__hover_enabled=&#8221;off&#8221; button_border_width__hover_enabled=&#8221;off&#8221; button_one_border_width__hover_enabled=&#8221;off&#8221; button_two_border_width__hover_enabled=&#8221;off&#8221; button_border_color__hover_enabled=&#8221;off&#8221; button_one_border_color__hover_enabled=&#8221;off&#8221; button_two_border_color__hover_enabled=&#8221;off&#8221; button_border_radius__hover_enabled=&#8221;off&#8221; button_one_border_radius__hover_enabled=&#8221;off&#8221; button_two_border_radius__hover_enabled=&#8221;off&#8221; button_letter_spacing__hover_enabled=&#8221;off&#8221; button_one_letter_spacing__hover_enabled=&#8221;off&#8221; button_two_letter_spacing__hover_enabled=&#8221;off&#8221; button_bg_color__hover_enabled=&#8221;off&#8221; button_one_bg_color__hover_enabled=&#8221;off&#8221; button_two_bg_color__hover_enabled=&#8221;off&#8221; theme_builder_area=&#8221;post_content&#8221;][\/et_pb_contact_field][et_pb_contact_field field_id=&#8221;Message&#8221; field_title=&#8221;\u00dczenet&#8221; field_type=&#8221;text&#8221; fullwidth_field=&#8221;on&#8221; _builder_version=&#8221;4.16&#8243; global_colors_info=&#8221;{}&#8221; button_text_size__hover_enabled=&#8221;off&#8221; button_one_text_size__hover_enabled=&#8221;off&#8221; button_two_text_size__hover_enabled=&#8221;off&#8221; button_text_color__hover_enabled=&#8221;off&#8221; button_one_text_color__hover_enabled=&#8221;off&#8221; button_two_text_color__hover_enabled=&#8221;off&#8221; button_border_width__hover_enabled=&#8221;off&#8221; button_one_border_width__hover_enabled=&#8221;off&#8221; button_two_border_width__hover_enabled=&#8221;off&#8221; button_border_color__hover_enabled=&#8221;off&#8221; button_one_border_color__hover_enabled=&#8221;off&#8221; button_two_border_color__hover_enabled=&#8221;off&#8221; button_border_radius__hover_enabled=&#8221;off&#8221; button_one_border_radius__hover_enabled=&#8221;off&#8221; button_two_border_radius__hover_enabled=&#8221;off&#8221; button_letter_spacing__hover_enabled=&#8221;off&#8221; button_one_letter_spacing__hover_enabled=&#8221;off&#8221; button_two_letter_spacing__hover_enabled=&#8221;off&#8221; button_bg_color__hover_enabled=&#8221;off&#8221; button_one_bg_color__hover_enabled=&#8221;off&#8221; button_two_bg_color__hover_enabled=&#8221;off&#8221; theme_builder_area=&#8221;post_content&#8221;][\/et_pb_contact_field][\/et_pb_contact_form][\/et_pb_column][et_pb_column type=&#8221;1_2&#8243; _builder_version=&#8221;4.21.0&#8243; _module_preset=&#8221;default&#8221; global_colors_info=&#8221;{}&#8221; theme_builder_area=&#8221;post_content&#8221;][et_pb_blurb use_icon=&#8221;on&#8221; font_icon=&#8221;&#xf3cd;||fa||900&#8243; icon_color=&#8221;#0C3917&#8243; icon_placement=&#8221;left&#8221; image_icon_width=&#8221;30px&#8221; image_icon_width_tablet=&#8221;30px&#8221; image_icon_width_phone=&#8221;20px&#8221; image_icon_width_last_edited=&#8221;on|phone&#8221; _builder_version=&#8221;4.22.2&#8243; _module_preset=&#8221;default&#8221; body_font=&#8221;Khand|600|||||||&#8221; body_text_color=&#8221;#FFFFFF&#8221; body_font_size=&#8221;30px&#8221; body_font_size_tablet=&#8221;30px&#8221; body_font_size_phone=&#8221;20px&#8221; body_font_size_last_edited=&#8221;on|desktop&#8221; global_colors_info=&#8221;{}&#8221; theme_builder_area=&#8221;post_content&#8221;]<\/p>\n<p><span style=\"color: #ffffff;\"><a href=\"tel:+36%2020 414 6034\" style=\"color: #ffffff;\">+36 20 414 6034<\/a><\/span><\/p>\n<p>[\/et_pb_blurb][et_pb_blurb use_icon=&#8221;on&#8221; font_icon=&#8221;&#xf658;||fa||900&#8243; icon_color=&#8221;#0C3917&#8243; icon_placement=&#8221;left&#8221; image_icon_width=&#8221;30px&#8221; image_icon_width_tablet=&#8221;30px&#8221; image_icon_width_phone=&#8221;20px&#8221; image_icon_width_last_edited=&#8221;on|phone&#8221; _builder_version=&#8221;4.22.2&#8243; _module_preset=&#8221;default&#8221; body_font=&#8221;Khand|600|||||||&#8221; body_text_color=&#8221;#FFFFFF&#8221; body_font_size=&#8221;30px&#8221; body_font_size_tablet=&#8221;30px&#8221; body_font_size_phone=&#8221;20px&#8221; body_font_size_last_edited=&#8221;on|desktop&#8221; global_colors_info=&#8221;{}&#8221; theme_builder_area=&#8221;post_content&#8221;]<\/p>\n<p><span style=\"color: #ffffff;\"><a href=\"mailto:info@kosztasped.hu\" style=\"color: #ffffff;\">info@kosztasped.hu<\/a><\/span><\/p>\n<p>[\/et_pb_blurb][et_pb_blurb use_icon=&#8221;on&#8221; font_icon=&#8221;&#xf015;||fa||900&#8243; icon_color=&#8221;#0C3917&#8243; icon_placement=&#8221;left&#8221; image_icon_width=&#8221;30px&#8221; image_icon_width_tablet=&#8221;30px&#8221; image_icon_width_phone=&#8221;20px&#8221; image_icon_width_last_edited=&#8221;on|phone&#8221; _builder_version=&#8221;4.22.2&#8243; _module_preset=&#8221;default&#8221; body_font=&#8221;Khand|600|||||||&#8221; body_text_color=&#8221;#FFFFFF&#8221; body_font_size=&#8221;30px&#8221; body_font_size_tablet=&#8221;30px&#8221; body_font_size_phone=&#8221;20px&#8221; body_font_size_last_edited=&#8221;on|desktop&#8221; global_colors_info=&#8221;{}&#8221; theme_builder_area=&#8221;post_content&#8221;]<\/p>\n<p><span>2233 Ecser, Apponyi Albert \u00fat 42.<\/span><\/p>\n<p>[\/et_pb_blurb][et_pb_blurb use_icon=&#8221;on&#8221; font_icon=&#8221;&#xe0aa;||divi||400&#8243; icon_color=&#8221;#0C3917&#8243; icon_placement=&#8221;left&#8221; image_icon_width=&#8221;30px&#8221; image_icon_width_tablet=&#8221;30px&#8221; image_icon_width_phone=&#8221;20px&#8221; image_icon_width_last_edited=&#8221;on|phone&#8221; _builder_version=&#8221;4.22.2&#8243; _module_preset=&#8221;default&#8221; body_font=&#8221;Khand|600|||||||&#8221; body_text_color=&#8221;#FFFFFF&#8221; body_font_size=&#8221;30px&#8221; body_font_size_tablet=&#8221;30px&#8221; body_font_size_phone=&#8221;20px&#8221; body_font_size_last_edited=&#8221;on|desktop&#8221; global_colors_info=&#8221;{}&#8221; theme_builder_area=&#8221;post_content&#8221;]<\/p>\n<p><span style=\"color: #ffffff;\"><a href=\"https:\/\/www.facebook.com\/kosztasped\" style=\"color: #ffffff;\">https:\/\/www.facebook.com\/kosztasped<\/a><\/span><\/p>\n<p>[\/et_pb_blurb][\/et_pb_column][\/et_pb_row][et_pb_row _builder_version=&#8221;4.21.0&#8243; _module_preset=&#8221;default&#8221; global_colors_info=&#8221;{}&#8221; theme_builder_area=&#8221;post_content&#8221;][et_pb_column type=&#8221;4_4&#8243; _builder_version=&#8221;4.21.0&#8243; _module_preset=&#8221;default&#8221; global_colors_info=&#8221;{}&#8221; theme_builder_area=&#8221;post_content&#8221;][et_pb_code _builder_version=&#8221;4.22.2&#8243; _module_preset=&#8221;default&#8221; global_colors_info=&#8221;{}&#8221; theme_builder_area=&#8221;post_content&#8221;]<iframe src=\"https:\/\/www.google.com\/maps\/embed?pb=!1m18!1m12!1m3!1d2698.6269899902773!2d19.315495377018237!3d47.43871629955478!2m3!1f0!2f0!3f0!3m2!1i1024!2i768!4f13.1!3m3!1m2!1s0x4741c08c032f910b%3A0xe8e5c1b8f3b88992!2zS29zenRhIFNwZWQgS2Z0LiwgVGVoZXJhdXTDs2LDqXJsw6lzLCBGdXJnb25iw6lybMOpcywgRnV2YXJvesOhcywgw4FydXN6w6FsbMOtdMOhcywgRnV0w6Fyc3pvbGfDoWxhdA!5e0!3m2!1shu!2shu!4v1698139860274!5m2!1shu!2shu\" width=\"1400\" height=\"600\" style=\"border:0;\" allowfullscreen=\"\" loading=\"lazy\" referrerpolicy=\"no-referrer-when-downgrade\"><\/iframe>[\/et_pb_code][\/et_pb_column][\/et_pb_row][\/et_pb_section]<\/p>\n","protected":false},"excerpt":{"rendered":"<p>Vegye fel vel\u00fcnk a kapcsolatot+36 20 414 6034info@kosztasped.hu2233 Ecser, Apponyi Albert \u00fat 42.https:\/\/www.facebook.com\/kosztasped<\/p>\n","protected":false},"author":1,"featured_media":0,"parent":0,"menu_order":0,"comment_status":"closed","ping_status":"closed","template":"","meta":{"_et_pb_use_builder":"on","_et_pb_old_content":"","_et_gb_content_width":"","inline_featured_image":false,"footnotes":""},"class_list":["post-818","page","type-page","status-publish","hentry"],"yoast_head":"<!-- This site is optimized with the Yoast SEO plugin v27.5 - https:\/\/yoast.com\/product\/yoast-seo-wordpress\/ -->\n<title>Kapcsolat - Koszta Sped Kft<\/title>\n<meta name=\"robots\" content=\"index, follow, max-snippet:-1, max-image-preview:large, max-video-preview:-1\" \/>\n<link rel=\"canonical\" href=\"https:\/\/aru-fuvarozas.hu\/index.php\/kapcsolat\/\" \/>\n<meta property=\"og:locale\" content=\"hu_HU\" \/>\n<meta property=\"og:type\" content=\"article\" \/>\n<meta property=\"og:title\" content=\"Kapcsolat - Koszta Sped Kft\" \/>\n<meta property=\"og:description\" content=\"Vegye fel vel\u00fcnk a kapcsolatot+36 20 414 6034info@kosztasped.hu2233 Ecser, Apponyi Albert \u00fat 42.https:\/\/www.facebook.com\/kosztasped\" \/>\n<meta property=\"og:url\" content=\"https:\/\/aru-fuvarozas.hu\/index.php\/kapcsolat\/\" \/>\n<meta property=\"og:site_name\" content=\"Koszta Sped Kft\" \/>\n<meta property=\"article:publisher\" content=\"https:\/\/www.facebook.com\/kosztasped\" \/>\n<meta property=\"article:modified_time\" content=\"2023-11-01T19:48:09+00:00\" \/>\n<meta name=\"twitter:card\" content=\"summary_large_image\" \/>\n<meta name=\"twitter:label1\" content=\"Becs\u00fclt olvas\u00e1si id\u0151\" \/>\n\t<meta name=\"twitter:data1\" content=\"7 perc\" \/>\n<script type=\"application\/ld+json\" class=\"yoast-schema-graph\">{\"@context\":\"https:\\\/\\\/schema.org\",\"@graph\":[{\"@type\":\"WebPage\",\"@id\":\"https:\\\/\\\/aru-fuvarozas.hu\\\/index.php\\\/kapcsolat\\\/\",\"url\":\"https:\\\/\\\/aru-fuvarozas.hu\\\/index.php\\\/kapcsolat\\\/\",\"name\":\"Kapcsolat - Koszta Sped Kft\",\"isPartOf\":{\"@id\":\"https:\\\/\\\/aru-fuvarozas.hu\\\/#website\"},\"datePublished\":\"2023-08-02T11:21:49+00:00\",\"dateModified\":\"2023-11-01T19:48:09+00:00\",\"breadcrumb\":{\"@id\":\"https:\\\/\\\/aru-fuvarozas.hu\\\/index.php\\\/kapcsolat\\\/#breadcrumb\"},\"inLanguage\":\"hu\",\"potentialAction\":[{\"@type\":\"ReadAction\",\"target\":[\"https:\\\/\\\/aru-fuvarozas.hu\\\/index.php\\\/kapcsolat\\\/\"]}]},{\"@type\":\"BreadcrumbList\",\"@id\":\"https:\\\/\\\/aru-fuvarozas.hu\\\/index.php\\\/kapcsolat\\\/#breadcrumb\",\"itemListElement\":[{\"@type\":\"ListItem\",\"position\":1,\"name\":\"Kezd\u0151lap\",\"item\":\"https:\\\/\\\/aru-fuvarozas.hu\\\/\"},{\"@type\":\"ListItem\",\"position\":2,\"name\":\"Kapcsolat\"}]},{\"@type\":\"WebSite\",\"@id\":\"https:\\\/\\\/aru-fuvarozas.hu\\\/#website\",\"url\":\"https:\\\/\\\/aru-fuvarozas.hu\\\/\",\"name\":\"Koszta Sped Kft\",\"description\":\"Nemzetk\u00f6zi \u00e1rusz\u00e1ll\u00edt\u00e1s, Belf\u00f6ldi \u00e1rusz\u00e1ll\u00edt\u00e1s, Belf\u00f6ldi \u00e1ru fuvaroz\u00e1s, Nemzetk\u00f6zi \u00e1ru fuvaroz\u00e1s, Belf\u00f6ldi gy\u0171jt\u0151 \u00e1ru fuvaroz\u00e1s, Nemzetk\u00f6zi gy\u0171jt\u0151 \u00e1ru fuvaroz\u00e1s, t\u00fals\u00falyos \u00e9s t\u00falm\u00e9retes \u00e1rusz\u00e1ll\u00edt\u00e1s, teheraut\u00f3 b\u00e9rl\u00e9s Ecser, plat\u00f3s teheraut\u00f3 b\u00e9rl\u00e9s Ecser, dobozos teheraut\u00f3 b\u00e9rl\u00e9s Ecser , GLS csomagfelad\u00e1si pont\",\"publisher\":{\"@id\":\"https:\\\/\\\/aru-fuvarozas.hu\\\/#organization\"},\"potentialAction\":[{\"@type\":\"SearchAction\",\"target\":{\"@type\":\"EntryPoint\",\"urlTemplate\":\"https:\\\/\\\/aru-fuvarozas.hu\\\/?s={search_term_string}\"},\"query-input\":{\"@type\":\"PropertyValueSpecification\",\"valueRequired\":true,\"valueName\":\"search_term_string\"}}],\"inLanguage\":\"hu\"},{\"@type\":\"Organization\",\"@id\":\"https:\\\/\\\/aru-fuvarozas.hu\\\/#organization\",\"name\":\"Koszta Sped Kft BELF\u00d6LDI DIREKT \u00c1RUSZ\u00c1LL\u00cdT\u00c1S, GY\u0170JT\u0150 \u00c1RUFUVAROZ\u00c1S, GLS csomagfelad\u00e1s\",\"url\":\"https:\\\/\\\/aru-fuvarozas.hu\\\/\",\"logo\":{\"@type\":\"ImageObject\",\"inLanguage\":\"hu\",\"@id\":\"https:\\\/\\\/aru-fuvarozas.hu\\\/#\\\/schema\\\/logo\\\/image\\\/\",\"url\":\"https:\\\/\\\/aru-fuvarozas.hu\\\/wp-content\\\/uploads\\\/2023\\\/10\\\/logo.webp\",\"contentUrl\":\"https:\\\/\\\/aru-fuvarozas.hu\\\/wp-content\\\/uploads\\\/2023\\\/10\\\/logo.webp\",\"width\":500,\"height\":100,\"caption\":\"Koszta Sped Kft BELF\u00d6LDI DIREKT \u00c1RUSZ\u00c1LL\u00cdT\u00c1S, GY\u0170JT\u0150 \u00c1RUFUVAROZ\u00c1S, GLS csomagfelad\u00e1s\"},\"image\":{\"@id\":\"https:\\\/\\\/aru-fuvarozas.hu\\\/#\\\/schema\\\/logo\\\/image\\\/\"},\"sameAs\":[\"https:\\\/\\\/www.facebook.com\\\/kosztasped\"]}]}<\/script>\n<!-- \/ Yoast SEO plugin. -->","yoast_head_json":{"title":"Kapcsolat - Koszta Sped Kft","robots":{"index":"index","follow":"follow","max-snippet":"max-snippet:-1","max-image-preview":"max-image-preview:large","max-video-preview":"max-video-preview:-1"},"canonical":"https:\/\/aru-fuvarozas.hu\/index.php\/kapcsolat\/","og_locale":"hu_HU","og_type":"article","og_title":"Kapcsolat - Koszta Sped Kft","og_description":"Vegye fel vel\u00fcnk a kapcsolatot+36 20 414 6034info@kosztasped.hu2233 Ecser, Apponyi Albert \u00fat 42.https:\/\/www.facebook.com\/kosztasped","og_url":"https:\/\/aru-fuvarozas.hu\/index.php\/kapcsolat\/","og_site_name":"Koszta Sped Kft","article_publisher":"https:\/\/www.facebook.com\/kosztasped","article_modified_time":"2023-11-01T19:48:09+00:00","twitter_card":"summary_large_image","twitter_misc":{"Becs\u00fclt olvas\u00e1si id\u0151":"7 perc"},"schema":{"@context":"https:\/\/schema.org","@graph":[{"@type":"WebPage","@id":"https:\/\/aru-fuvarozas.hu\/index.php\/kapcsolat\/","url":"https:\/\/aru-fuvarozas.hu\/index.php\/kapcsolat\/","name":"Kapcsolat - Koszta Sped Kft","isPartOf":{"@id":"https:\/\/aru-fuvarozas.hu\/#website"},"datePublished":"2023-08-02T11:21:49+00:00","dateModified":"2023-11-01T19:48:09+00:00","breadcrumb":{"@id":"https:\/\/aru-fuvarozas.hu\/index.php\/kapcsolat\/#breadcrumb"},"inLanguage":"hu","potentialAction":[{"@type":"ReadAction","target":["https:\/\/aru-fuvarozas.hu\/index.php\/kapcsolat\/"]}]},{"@type":"BreadcrumbList","@id":"https:\/\/aru-fuvarozas.hu\/index.php\/kapcsolat\/#breadcrumb","itemListElement":[{"@type":"ListItem","position":1,"name":"Kezd\u0151lap","item":"https:\/\/aru-fuvarozas.hu\/"},{"@type":"ListItem","position":2,"name":"Kapcsolat"}]},{"@type":"WebSite","@id":"https:\/\/aru-fuvarozas.hu\/#website","url":"https:\/\/aru-fuvarozas.hu\/","name":"Koszta Sped Kft","description":"Nemzetk\u00f6zi \u00e1rusz\u00e1ll\u00edt\u00e1s, Belf\u00f6ldi \u00e1rusz\u00e1ll\u00edt\u00e1s, Belf\u00f6ldi \u00e1ru fuvaroz\u00e1s, Nemzetk\u00f6zi \u00e1ru fuvaroz\u00e1s, Belf\u00f6ldi gy\u0171jt\u0151 \u00e1ru fuvaroz\u00e1s, Nemzetk\u00f6zi gy\u0171jt\u0151 \u00e1ru fuvaroz\u00e1s, t\u00fals\u00falyos \u00e9s t\u00falm\u00e9retes \u00e1rusz\u00e1ll\u00edt\u00e1s, teheraut\u00f3 b\u00e9rl\u00e9s Ecser, plat\u00f3s teheraut\u00f3 b\u00e9rl\u00e9s Ecser, dobozos teheraut\u00f3 b\u00e9rl\u00e9s Ecser , GLS csomagfelad\u00e1si pont","publisher":{"@id":"https:\/\/aru-fuvarozas.hu\/#organization"},"potentialAction":[{"@type":"SearchAction","target":{"@type":"EntryPoint","urlTemplate":"https:\/\/aru-fuvarozas.hu\/?s={search_term_string}"},"query-input":{"@type":"PropertyValueSpecification","valueRequired":true,"valueName":"search_term_string"}}],"inLanguage":"hu"},{"@type":"Organization","@id":"https:\/\/aru-fuvarozas.hu\/#organization","name":"Koszta Sped Kft BELF\u00d6LDI DIREKT \u00c1RUSZ\u00c1LL\u00cdT\u00c1S, GY\u0170JT\u0150 \u00c1RUFUVAROZ\u00c1S, GLS csomagfelad\u00e1s","url":"https:\/\/aru-fuvarozas.hu\/","logo":{"@type":"ImageObject","inLanguage":"hu","@id":"https:\/\/aru-fuvarozas.hu\/#\/schema\/logo\/image\/","url":"https:\/\/aru-fuvarozas.hu\/wp-content\/uploads\/2023\/10\/logo.webp","contentUrl":"https:\/\/aru-fuvarozas.hu\/wp-content\/uploads\/2023\/10\/logo.webp","width":500,"height":100,"caption":"Koszta Sped Kft BELF\u00d6LDI DIREKT \u00c1RUSZ\u00c1LL\u00cdT\u00c1S, GY\u0170JT\u0150 \u00c1RUFUVAROZ\u00c1S, GLS csomagfelad\u00e1s"},"image":{"@id":"https:\/\/aru-fuvarozas.hu\/#\/schema\/logo\/image\/"},"sameAs":["https:\/\/www.facebook.com\/kosztasped"]}]}},"_links":{"self":[{"href":"https:\/\/aru-fuvarozas.hu\/index.php\/wp-json\/wp\/v2\/pages\/818","targetHints":{"allow":["GET"]}}],"collection":[{"href":"https:\/\/aru-fuvarozas.hu\/index.php\/wp-json\/wp\/v2\/pages"}],"about":[{"href":"https:\/\/aru-fuvarozas.hu\/index.php\/wp-json\/wp\/v2\/types\/page"}],"author":[{"embeddable":true,"href":"https:\/\/aru-fuvarozas.hu\/index.php\/wp-json\/wp\/v2\/users\/1"}],"replies":[{"embeddable":true,"href":"https:\/\/aru-fuvarozas.hu\/index.php\/wp-json\/wp\/v2\/comments?post=818"}],"version-history":[{"count":12,"href":"https:\/\/aru-fuvarozas.hu\/index.php\/wp-json\/wp\/v2\/pages\/818\/revisions"}],"predecessor-version":[{"id":1537,"href":"https:\/\/aru-fuvarozas.hu\/index.php\/wp-json\/wp\/v2\/pages\/818\/revisions\/1537"}],"wp:attachment":[{"href":"https:\/\/aru-fuvarozas.hu\/index.php\/wp-json\/wp\/v2\/media?parent=818"}],"curies":[{"name":"wp","href":"https:\/\/api.w.org\/{rel}","templated":true}]}}