{"id":2046,"date":"2024-03-05T15:30:03","date_gmt":"2024-03-05T14:30:03","guid":{"rendered":"http:\/\/aru-fuvarozas.hu\/?page_id=2046"},"modified":"2025-01-30T18:38:04","modified_gmt":"2025-01-30T17:38:04","slug":"gls-csomagfeladas","status":"publish","type":"page","link":"https:\/\/aru-fuvarozas.hu\/index.php\/gls-csomagfeladas\/","title":{"rendered":"GLS CSOMAGFELAD\u00c1S"},"content":{"rendered":"<p>[et_pb_section fb_built=&#8221;1&#8243; _builder_version=&#8221;4.24.2&#8243; _module_preset=&#8221;default&#8221; background_image=&#8221;https:\/\/aru-fuvarozas.hu\/wp-content\/uploads\/2024\/03\/UjGLS-CSOMAGFELADAS.webp&#8221; height=&#8221;600px&#8221; height_tablet=&#8221;600px&#8221; height_phone=&#8221;150px&#8221; height_last_edited=&#8221;on|phone&#8221; global_colors_info=&#8221;{}&#8221;][et_pb_row _builder_version=&#8221;4.22.2&#8243; _module_preset=&#8221;default&#8221; global_colors_info=&#8221;{}&#8221;][et_pb_column type=&#8221;4_4&#8243; _builder_version=&#8221;4.22.2&#8243; _module_preset=&#8221;default&#8221; global_colors_info=&#8221;{}&#8221;][et_pb_text _builder_version=&#8221;4.24.2&#8243; _module_preset=&#8221;default&#8221; header_font=&#8221;Khand|600||on|||||&#8221; header_text_align=&#8221;center&#8221; header_text_color=&#8221;#FFFFFF&#8221; header_font_size=&#8221;60px&#8221; header_letter_spacing=&#8221;2px&#8221; header_font_size_tablet=&#8221;60px&#8221; header_font_size_phone=&#8221;25px&#8221; header_font_size_last_edited=&#8221;on|phone&#8221; header_text_shadow_style=&#8221;preset5&#8243; global_colors_info=&#8221;{}&#8221;]<\/p>\n<h1>GLS csomagfelad\u00e1s<\/h1>\n<p>[\/et_pb_text][\/et_pb_column][\/et_pb_row][\/et_pb_section][et_pb_section fb_built=&#8221;1&#8243; _builder_version=&#8221;4.23.1&#8243; _module_preset=&#8221;default&#8221; global_colors_info=&#8221;{}&#8221;][et_pb_row _builder_version=&#8221;4.23.1&#8243; _module_preset=&#8221;default&#8221; global_colors_info=&#8221;{}&#8221;][et_pb_column type=&#8221;4_4&#8243; _builder_version=&#8221;4.23.1&#8243; _module_preset=&#8221;default&#8221; global_colors_info=&#8221;{}&#8221;][et_pb_text _builder_version=&#8221;4.24.2&#8243; _module_preset=&#8221;default&#8221; header_2_font=&#8221;Rajdhani|600|||||||&#8221; header_2_text_align=&#8221;left&#8221; header_2_text_color=&#8221;#0C3917&#8243; header_3_font=&#8221;Rajdhani|600|||||||&#8221; header_3_text_align=&#8221;left&#8221; header_3_text_color=&#8221;#0C3917&#8243; text_orientation=&#8221;justified&#8221; text_font_size_tablet=&#8221;&#8221; text_font_size_phone=&#8221;14px&#8221; text_font_size_last_edited=&#8221;on|phone&#8221; header_2_text_align_tablet=&#8221;left&#8221; header_2_text_align_phone=&#8221;center&#8221; header_2_text_align_last_edited=&#8221;on|phone&#8221; header_2_font_size_tablet=&#8221;&#8221; header_2_font_size_phone=&#8221;18px&#8221; header_2_font_size_last_edited=&#8221;on|phone&#8221; header_3_font_size_tablet=&#8221;&#8221; header_3_font_size_phone=&#8221;17px&#8221; header_3_font_size_last_edited=&#8221;on|phone&#8221; text_orientation_tablet=&#8221;justified&#8221; text_orientation_phone=&#8221;justified&#8221; text_orientation_last_edited=&#8221;on|desktop&#8221; global_colors_info=&#8221;{}&#8221;]<\/p>\n<h3>RENDSZERESEN SZERETNE CSOMAGOT FELADNI?<br \/>LEGYEN SZERZ\u0150D\u00d6TT PARTNER\u00dcNK AZ ORSZ\u00c1G B\u00c1RMELY PONTJ\u00c1R\u00d3L!<\/h3>\n<p>M\u00e1r t\u00f6bb, mint 23 \u00e9ve Magyarorsz\u00e1g piacvezet\u0151 kiscsomagsz\u00e1ll\u00edt\u00f3 c\u00e9g\u00e9vel a GLS Hungary-vel egy\u00fcttm\u0171k\u00f6dve a legnagyobb biztons\u00e1ggal \u00e1ll\u00edthatjuk, hogy a feladott k\u00fcldem\u00e9nye a legjobb kezekbe ker\u00fcl, belf\u00f6ld\u00f6n munkanapokon 24 \u00f3r\u00e1n bel\u00fcl garant\u00e1ltan c\u00e9lba \u00e9r!<\/p>\n<p>Minden c\u00e9gnek \u00e9s mag\u00e1nszem\u00e9lynek feladott csomagja a legjobb kezekbe ker\u00fcl. M\u00e1r a csomag felad\u00e1s\u00e1t\u00f3l nyomon k\u00f6vethet\u0151 a feladott k\u00fcldem\u00e9ny eg\u00e9szen a c\u00e9lba \u00e9rkez\u00e9sig. Nem kell otthon \u00fclnie a c\u00edmzettnek, mert el\u0151re megadott 3 \u00f3r\u00e1n bel\u00fcl k\u00e9zbes\u00edt\u00fcnk. A feladott k\u00fcldem\u00e9ny\u00e9t a c\u00edmzettek k\u00e9rhetik csomagpontokba, automat\u00e1kba, de a megszokott m\u00f3don h\u00e1zhoz t\u00f6rt\u00e9n\u0151 k\u00e9zbes\u00edt\u00e9ssel is. <br \/>A csomagj\u00e1t feladhatja ut\u00e1nv\u00e9ttel, melyet a c\u00edmzett fizethet k\u00e9szp\u00e9nzben vagy ak\u00e1r bankk\u00e1rty\u00e1val is. K\u00e9rheti a csomagk\u00e9zbes\u00edt\u00e9s\u00e9t 12 \u00f3r\u00e1ig, vagy ak\u00e1r meghat\u00e1rozott napon, ezen k\u00edv\u00fcl sz\u00e1mos lehet\u0151s\u00e9ge van k\u00fcl\u00f6nb\u00f6z\u0151 szolg\u00e1ltat\u00e1sok ig\u00e9nybev\u00e9tel\u00e9re a feladott k\u00fcldem\u00e9ny\u00e9vel kapcsolatban.<\/p>\n<p>\u00d6nnek csak annyi teend\u0151je van, hogy kit\u00f6lti az \u0171rlapot, hogy fel tudjuk venni \u00d6nnel a kapcsolatot, meg tudjuk k\u00fcldeni csomagfelad\u00e1si d\u00edjt\u00e1bl\u00e1zatunkat vagy felh\u00edvja koll\u00e9g\u00e1nkat \u00e9s k\u00e9szs\u00e9ggel \u00e1llunk rendelkez\u00e9s\u00e9re.<\/p>\n<p>A t\u00f6bbit b\u00edzza r\u00e1nk!<\/p>\n<p>[\/et_pb_text][et_pb_contact_form email=&#8221;BODA.ZSOLT@KOSZTASPED.HU&#8221; _builder_version=&#8221;4.24.2&#8243; _module_preset=&#8221;default&#8221; _unique_id=&#8221;9d833f97-9a87-4a56-bbd9-6adce8900667&#8243; custom_button=&#8221;on&#8221; button_text_color=&#8221;#FFFFFF&#8221; button_bg_color=&#8221;#0C3917&#8243; global_colors_info=&#8221;{}&#8221;][et_pb_contact_field field_id=&#8221;Name_2&#8243; field_title=&#8221;N\u00e9v\/C\u00e9gn\u00e9v (k\u00f6telez\u0151 kit\u00f6lteni)&#8221; _builder_version=&#8221;4.24.2&#8243; global_colors_info=&#8221;{}&#8221; button_text_size__hover_enabled=&#8221;off&#8221; button_one_text_size__hover_enabled=&#8221;off&#8221; button_two_text_size__hover_enabled=&#8221;off&#8221; button_text_color__hover_enabled=&#8221;off&#8221; button_one_text_color__hover_enabled=&#8221;off&#8221; button_two_text_color__hover_enabled=&#8221;off&#8221; button_border_width__hover_enabled=&#8221;off&#8221; button_one_border_width__hover_enabled=&#8221;off&#8221; button_two_border_width__hover_enabled=&#8221;off&#8221; button_border_color__hover_enabled=&#8221;off&#8221; button_one_border_color__hover_enabled=&#8221;off&#8221; button_two_border_color__hover_enabled=&#8221;off&#8221; button_border_radius__hover_enabled=&#8221;off&#8221; button_one_border_radius__hover_enabled=&#8221;off&#8221; button_two_border_radius__hover_enabled=&#8221;off&#8221; button_letter_spacing__hover_enabled=&#8221;off&#8221; button_one_letter_spacing__hover_enabled=&#8221;off&#8221; button_two_letter_spacing__hover_enabled=&#8221;off&#8221; button_bg_color__hover_enabled=&#8221;off&#8221; button_one_bg_color__hover_enabled=&#8221;off&#8221; button_two_bg_color__hover_enabled=&#8221;off&#8221;][\/et_pb_contact_field][et_pb_contact_field field_id=&#8221;Email&#8221; field_title=&#8221;Email c\u00edm (k\u00f6telez\u0151 kit\u00f6lteni)&#8221; field_type=&#8221;email&#8221; _builder_version=&#8221;4.24.2&#8243; global_colors_info=&#8221;{}&#8221; button_text_size__hover_enabled=&#8221;off&#8221; button_one_text_size__hover_enabled=&#8221;off&#8221; button_two_text_size__hover_enabled=&#8221;off&#8221; button_text_color__hover_enabled=&#8221;off&#8221; button_one_text_color__hover_enabled=&#8221;off&#8221; button_two_text_color__hover_enabled=&#8221;off&#8221; button_border_width__hover_enabled=&#8221;off&#8221; button_one_border_width__hover_enabled=&#8221;off&#8221; button_two_border_width__hover_enabled=&#8221;off&#8221; button_border_color__hover_enabled=&#8221;off&#8221; button_one_border_color__hover_enabled=&#8221;off&#8221; button_two_border_color__hover_enabled=&#8221;off&#8221; button_border_radius__hover_enabled=&#8221;off&#8221; button_one_border_radius__hover_enabled=&#8221;off&#8221; button_two_border_radius__hover_enabled=&#8221;off&#8221; button_letter_spacing__hover_enabled=&#8221;off&#8221; button_one_letter_spacing__hover_enabled=&#8221;off&#8221; button_two_letter_spacing__hover_enabled=&#8221;off&#8221; button_bg_color__hover_enabled=&#8221;off&#8221; button_one_bg_color__hover_enabled=&#8221;off&#8221; button_two_bg_color__hover_enabled=&#8221;off&#8221;][\/et_pb_contact_field][et_pb_contact_field field_id=&#8221;Adr&#8221; field_title=&#8221;Pontos csomagfelad\u00e1si c\u00edm (k\u00f6telez\u0151 kit\u00f6lteni)&#8221; _builder_version=&#8221;4.24.2&#8243; global_colors_info=&#8221;{}&#8221; button_text_size__hover_enabled=&#8221;off&#8221; button_one_text_size__hover_enabled=&#8221;off&#8221; button_two_text_size__hover_enabled=&#8221;off&#8221; button_text_color__hover_enabled=&#8221;off&#8221; button_one_text_color__hover_enabled=&#8221;off&#8221; button_two_text_color__hover_enabled=&#8221;off&#8221; button_border_width__hover_enabled=&#8221;off&#8221; button_one_border_width__hover_enabled=&#8221;off&#8221; button_two_border_width__hover_enabled=&#8221;off&#8221; button_border_color__hover_enabled=&#8221;off&#8221; button_one_border_color__hover_enabled=&#8221;off&#8221; button_two_border_color__hover_enabled=&#8221;off&#8221; button_border_radius__hover_enabled=&#8221;off&#8221; button_one_border_radius__hover_enabled=&#8221;off&#8221; button_two_border_radius__hover_enabled=&#8221;off&#8221; button_letter_spacing__hover_enabled=&#8221;off&#8221; button_one_letter_spacing__hover_enabled=&#8221;off&#8221; button_two_letter_spacing__hover_enabled=&#8221;off&#8221; button_bg_color__hover_enabled=&#8221;off&#8221; button_one_bg_color__hover_enabled=&#8221;off&#8221; button_two_bg_color__hover_enabled=&#8221;off&#8221;][\/et_pb_contact_field][et_pb_contact_field field_id=&#8221;Phone&#8221; field_title=&#8221;Telefonsz\u00e1m (k\u00f6telez\u0151 kit\u00f6lteni)&#8221; _builder_version=&#8221;4.24.2&#8243; global_colors_info=&#8221;{}&#8221; button_text_size__hover_enabled=&#8221;off&#8221; button_one_text_size__hover_enabled=&#8221;off&#8221; button_two_text_size__hover_enabled=&#8221;off&#8221; button_text_color__hover_enabled=&#8221;off&#8221; button_one_text_color__hover_enabled=&#8221;off&#8221; button_two_text_color__hover_enabled=&#8221;off&#8221; button_border_width__hover_enabled=&#8221;off&#8221; button_one_border_width__hover_enabled=&#8221;off&#8221; button_two_border_width__hover_enabled=&#8221;off&#8221; button_border_color__hover_enabled=&#8221;off&#8221; button_one_border_color__hover_enabled=&#8221;off&#8221; button_two_border_color__hover_enabled=&#8221;off&#8221; button_border_radius__hover_enabled=&#8221;off&#8221; button_one_border_radius__hover_enabled=&#8221;off&#8221; button_two_border_radius__hover_enabled=&#8221;off&#8221; button_letter_spacing__hover_enabled=&#8221;off&#8221; button_one_letter_spacing__hover_enabled=&#8221;off&#8221; button_two_letter_spacing__hover_enabled=&#8221;off&#8221; button_bg_color__hover_enabled=&#8221;off&#8221; button_one_bg_color__hover_enabled=&#8221;off&#8221; button_two_bg_color__hover_enabled=&#8221;off&#8221;][\/et_pb_contact_field][et_pb_contact_field field_id=&#8221;Message&#8221; field_title=&#8221;Ide \u00edrja \u00fczenet\u00e9t, esetleges k\u00e9rd\u00e9seit&#8221; field_type=&#8221;text&#8221; fullwidth_field=&#8221;on&#8221; _builder_version=&#8221;4.24.2&#8243; global_colors_info=&#8221;{}&#8221; button_text_size__hover_enabled=&#8221;off&#8221; button_one_text_size__hover_enabled=&#8221;off&#8221; button_two_text_size__hover_enabled=&#8221;off&#8221; button_text_color__hover_enabled=&#8221;off&#8221; button_one_text_color__hover_enabled=&#8221;off&#8221; button_two_text_color__hover_enabled=&#8221;off&#8221; button_border_width__hover_enabled=&#8221;off&#8221; button_one_border_width__hover_enabled=&#8221;off&#8221; button_two_border_width__hover_enabled=&#8221;off&#8221; button_border_color__hover_enabled=&#8221;off&#8221; button_one_border_color__hover_enabled=&#8221;off&#8221; button_two_border_color__hover_enabled=&#8221;off&#8221; button_border_radius__hover_enabled=&#8221;off&#8221; button_one_border_radius__hover_enabled=&#8221;off&#8221; button_two_border_radius__hover_enabled=&#8221;off&#8221; button_letter_spacing__hover_enabled=&#8221;off&#8221; button_one_letter_spacing__hover_enabled=&#8221;off&#8221; button_two_letter_spacing__hover_enabled=&#8221;off&#8221; button_bg_color__hover_enabled=&#8221;off&#8221; button_one_bg_color__hover_enabled=&#8221;off&#8221; button_two_bg_color__hover_enabled=&#8221;off&#8221;][\/et_pb_contact_field][\/et_pb_contact_form][et_pb_text _builder_version=&#8221;4.24.2&#8243; _module_preset=&#8221;default&#8221; global_colors_info=&#8221;{}&#8221;]<\/p>\n<p>BODA ZSOLT<br \/>+36 20 514 4455<br \/><span style=\"color: #008000;\"><a href=\"mailto:BODA.ZSOLT@KOSZTASPED.HU\" style=\"color: #008000;\">BODA.ZSOLT@KOSZTASPED.HU<\/a><\/span><\/p>\n<p>[\/et_pb_text][\/et_pb_column][\/et_pb_row][\/et_pb_section]<\/p>\n","protected":false},"excerpt":{"rendered":"<p>GLS csomagfelad\u00e1sRENDSZERESEN SZERETNE CSOMAGOT FELADNI?LEGYEN SZERZ\u0150D\u00d6TT PARTNER\u00dcNK AZ ORSZ\u00c1G B\u00c1RMELY PONTJ\u00c1R\u00d3L! M\u00e1r t\u00f6bb, mint 23 \u00e9ve Magyarorsz\u00e1g piacvezet\u0151 kiscsomagsz\u00e1ll\u00edt\u00f3 c\u00e9g\u00e9vel a GLS Hungary-vel egy\u00fcttm\u0171k\u00f6dve a legnagyobb biztons\u00e1ggal \u00e1ll\u00edthatjuk, hogy a feladott k\u00fcldem\u00e9nye a legjobb kezekbe ker\u00fcl, belf\u00f6ld\u00f6n munkanapokon 24 \u00f3r\u00e1n bel\u00fcl garant\u00e1ltan c\u00e9lba \u00e9r! Minden c\u00e9gnek \u00e9s mag\u00e1nszem\u00e9lynek feladott csomagja a legjobb kezekbe ker\u00fcl. M\u00e1r [&hellip;]<\/p>\n","protected":false},"author":1,"featured_media":0,"parent":0,"menu_order":0,"comment_status":"closed","ping_status":"closed","template":"","meta":{"_et_pb_use_builder":"on","_et_pb_old_content":"","_et_gb_content_width":"","inline_featured_image":false,"footnotes":""},"class_list":["post-2046","page","type-page","status-publish","hentry"],"yoast_head":"<!-- This site is optimized with the Yoast SEO plugin v27.5 - https:\/\/yoast.com\/product\/yoast-seo-wordpress\/ -->\n<title>GLS CSOMAGFELAD\u00c1S - Koszta Sped Kft<\/title>\n<meta name=\"robots\" content=\"index, follow, max-snippet:-1, max-image-preview:large, max-video-preview:-1\" \/>\n<link rel=\"canonical\" href=\"https:\/\/aru-fuvarozas.hu\/index.php\/gls-csomagfeladas\/\" \/>\n<meta property=\"og:locale\" content=\"hu_HU\" \/>\n<meta property=\"og:type\" content=\"article\" \/>\n<meta property=\"og:title\" content=\"GLS CSOMAGFELAD\u00c1S - Koszta Sped Kft\" \/>\n<meta property=\"og:description\" content=\"GLS csomagfelad\u00e1sRENDSZERESEN SZERETNE CSOMAGOT FELADNI?LEGYEN SZERZ\u0150D\u00d6TT PARTNER\u00dcNK AZ ORSZ\u00c1G B\u00c1RMELY PONTJ\u00c1R\u00d3L! M\u00e1r t\u00f6bb, mint 23 \u00e9ve Magyarorsz\u00e1g piacvezet\u0151 kiscsomagsz\u00e1ll\u00edt\u00f3 c\u00e9g\u00e9vel a GLS Hungary-vel egy\u00fcttm\u0171k\u00f6dve a legnagyobb biztons\u00e1ggal \u00e1ll\u00edthatjuk, hogy a feladott k\u00fcldem\u00e9nye a legjobb kezekbe ker\u00fcl, belf\u00f6ld\u00f6n munkanapokon 24 \u00f3r\u00e1n bel\u00fcl garant\u00e1ltan c\u00e9lba \u00e9r! Minden c\u00e9gnek \u00e9s mag\u00e1nszem\u00e9lynek feladott csomagja a legjobb kezekbe ker\u00fcl. M\u00e1r [&hellip;]\" \/>\n<meta property=\"og:url\" content=\"https:\/\/aru-fuvarozas.hu\/index.php\/gls-csomagfeladas\/\" \/>\n<meta property=\"og:site_name\" content=\"Koszta Sped Kft\" \/>\n<meta property=\"article:publisher\" content=\"https:\/\/www.facebook.com\/kosztasped\" \/>\n<meta property=\"article:modified_time\" content=\"2025-01-30T17:38:04+00:00\" \/>\n<meta name=\"twitter:card\" content=\"summary_large_image\" \/>\n<meta name=\"twitter:label1\" content=\"Becs\u00fclt olvas\u00e1si id\u0151\" \/>\n\t<meta name=\"twitter:data1\" content=\"2 perc\" \/>\n<script type=\"application\/ld+json\" class=\"yoast-schema-graph\">{\"@context\":\"https:\\\/\\\/schema.org\",\"@graph\":[{\"@type\":\"WebPage\",\"@id\":\"https:\\\/\\\/aru-fuvarozas.hu\\\/index.php\\\/gls-csomagfeladas\\\/\",\"url\":\"https:\\\/\\\/aru-fuvarozas.hu\\\/index.php\\\/gls-csomagfeladas\\\/\",\"name\":\"GLS CSOMAGFELAD\u00c1S - Koszta Sped Kft\",\"isPartOf\":{\"@id\":\"https:\\\/\\\/aru-fuvarozas.hu\\\/#website\"},\"datePublished\":\"2024-03-05T14:30:03+00:00\",\"dateModified\":\"2025-01-30T17:38:04+00:00\",\"breadcrumb\":{\"@id\":\"https:\\\/\\\/aru-fuvarozas.hu\\\/index.php\\\/gls-csomagfeladas\\\/#breadcrumb\"},\"inLanguage\":\"hu\",\"potentialAction\":[{\"@type\":\"ReadAction\",\"target\":[\"https:\\\/\\\/aru-fuvarozas.hu\\\/index.php\\\/gls-csomagfeladas\\\/\"]}]},{\"@type\":\"BreadcrumbList\",\"@id\":\"https:\\\/\\\/aru-fuvarozas.hu\\\/index.php\\\/gls-csomagfeladas\\\/#breadcrumb\",\"itemListElement\":[{\"@type\":\"ListItem\",\"position\":1,\"name\":\"Kezd\u0151lap\",\"item\":\"https:\\\/\\\/aru-fuvarozas.hu\\\/\"},{\"@type\":\"ListItem\",\"position\":2,\"name\":\"GLS CSOMAGFELAD\u00c1S\"}]},{\"@type\":\"WebSite\",\"@id\":\"https:\\\/\\\/aru-fuvarozas.hu\\\/#website\",\"url\":\"https:\\\/\\\/aru-fuvarozas.hu\\\/\",\"name\":\"Koszta Sped Kft\",\"description\":\"Nemzetk\u00f6zi \u00e1rusz\u00e1ll\u00edt\u00e1s, Belf\u00f6ldi \u00e1rusz\u00e1ll\u00edt\u00e1s, Belf\u00f6ldi \u00e1ru fuvaroz\u00e1s, Nemzetk\u00f6zi \u00e1ru fuvaroz\u00e1s, Belf\u00f6ldi gy\u0171jt\u0151 \u00e1ru fuvaroz\u00e1s, Nemzetk\u00f6zi gy\u0171jt\u0151 \u00e1ru fuvaroz\u00e1s, t\u00fals\u00falyos \u00e9s t\u00falm\u00e9retes \u00e1rusz\u00e1ll\u00edt\u00e1s, teheraut\u00f3 b\u00e9rl\u00e9s Ecser, plat\u00f3s teheraut\u00f3 b\u00e9rl\u00e9s Ecser, dobozos teheraut\u00f3 b\u00e9rl\u00e9s Ecser , GLS csomagfelad\u00e1si pont\",\"publisher\":{\"@id\":\"https:\\\/\\\/aru-fuvarozas.hu\\\/#organization\"},\"potentialAction\":[{\"@type\":\"SearchAction\",\"target\":{\"@type\":\"EntryPoint\",\"urlTemplate\":\"https:\\\/\\\/aru-fuvarozas.hu\\\/?s={search_term_string}\"},\"query-input\":{\"@type\":\"PropertyValueSpecification\",\"valueRequired\":true,\"valueName\":\"search_term_string\"}}],\"inLanguage\":\"hu\"},{\"@type\":\"Organization\",\"@id\":\"https:\\\/\\\/aru-fuvarozas.hu\\\/#organization\",\"name\":\"Koszta Sped Kft BELF\u00d6LDI DIREKT \u00c1RUSZ\u00c1LL\u00cdT\u00c1S, GY\u0170JT\u0150 \u00c1RUFUVAROZ\u00c1S, GLS csomagfelad\u00e1s\",\"url\":\"https:\\\/\\\/aru-fuvarozas.hu\\\/\",\"logo\":{\"@type\":\"ImageObject\",\"inLanguage\":\"hu\",\"@id\":\"https:\\\/\\\/aru-fuvarozas.hu\\\/#\\\/schema\\\/logo\\\/image\\\/\",\"url\":\"https:\\\/\\\/aru-fuvarozas.hu\\\/wp-content\\\/uploads\\\/2023\\\/10\\\/logo.webp\",\"contentUrl\":\"https:\\\/\\\/aru-fuvarozas.hu\\\/wp-content\\\/uploads\\\/2023\\\/10\\\/logo.webp\",\"width\":500,\"height\":100,\"caption\":\"Koszta Sped Kft BELF\u00d6LDI DIREKT \u00c1RUSZ\u00c1LL\u00cdT\u00c1S, GY\u0170JT\u0150 \u00c1RUFUVAROZ\u00c1S, GLS csomagfelad\u00e1s\"},\"image\":{\"@id\":\"https:\\\/\\\/aru-fuvarozas.hu\\\/#\\\/schema\\\/logo\\\/image\\\/\"},\"sameAs\":[\"https:\\\/\\\/www.facebook.com\\\/kosztasped\"]}]}<\/script>\n<!-- \/ Yoast SEO plugin. -->","yoast_head_json":{"title":"GLS CSOMAGFELAD\u00c1S - Koszta Sped Kft","robots":{"index":"index","follow":"follow","max-snippet":"max-snippet:-1","max-image-preview":"max-image-preview:large","max-video-preview":"max-video-preview:-1"},"canonical":"https:\/\/aru-fuvarozas.hu\/index.php\/gls-csomagfeladas\/","og_locale":"hu_HU","og_type":"article","og_title":"GLS CSOMAGFELAD\u00c1S - Koszta Sped Kft","og_description":"GLS csomagfelad\u00e1sRENDSZERESEN SZERETNE CSOMAGOT FELADNI?LEGYEN SZERZ\u0150D\u00d6TT PARTNER\u00dcNK AZ ORSZ\u00c1G B\u00c1RMELY PONTJ\u00c1R\u00d3L! M\u00e1r t\u00f6bb, mint 23 \u00e9ve Magyarorsz\u00e1g piacvezet\u0151 kiscsomagsz\u00e1ll\u00edt\u00f3 c\u00e9g\u00e9vel a GLS Hungary-vel egy\u00fcttm\u0171k\u00f6dve a legnagyobb biztons\u00e1ggal \u00e1ll\u00edthatjuk, hogy a feladott k\u00fcldem\u00e9nye a legjobb kezekbe ker\u00fcl, belf\u00f6ld\u00f6n munkanapokon 24 \u00f3r\u00e1n bel\u00fcl garant\u00e1ltan c\u00e9lba \u00e9r! Minden c\u00e9gnek \u00e9s mag\u00e1nszem\u00e9lynek feladott csomagja a legjobb kezekbe ker\u00fcl. M\u00e1r [&hellip;]","og_url":"https:\/\/aru-fuvarozas.hu\/index.php\/gls-csomagfeladas\/","og_site_name":"Koszta Sped Kft","article_publisher":"https:\/\/www.facebook.com\/kosztasped","article_modified_time":"2025-01-30T17:38:04+00:00","twitter_card":"summary_large_image","twitter_misc":{"Becs\u00fclt olvas\u00e1si id\u0151":"2 perc"},"schema":{"@context":"https:\/\/schema.org","@graph":[{"@type":"WebPage","@id":"https:\/\/aru-fuvarozas.hu\/index.php\/gls-csomagfeladas\/","url":"https:\/\/aru-fuvarozas.hu\/index.php\/gls-csomagfeladas\/","name":"GLS CSOMAGFELAD\u00c1S - Koszta Sped Kft","isPartOf":{"@id":"https:\/\/aru-fuvarozas.hu\/#website"},"datePublished":"2024-03-05T14:30:03+00:00","dateModified":"2025-01-30T17:38:04+00:00","breadcrumb":{"@id":"https:\/\/aru-fuvarozas.hu\/index.php\/gls-csomagfeladas\/#breadcrumb"},"inLanguage":"hu","potentialAction":[{"@type":"ReadAction","target":["https:\/\/aru-fuvarozas.hu\/index.php\/gls-csomagfeladas\/"]}]},{"@type":"BreadcrumbList","@id":"https:\/\/aru-fuvarozas.hu\/index.php\/gls-csomagfeladas\/#breadcrumb","itemListElement":[{"@type":"ListItem","position":1,"name":"Kezd\u0151lap","item":"https:\/\/aru-fuvarozas.hu\/"},{"@type":"ListItem","position":2,"name":"GLS CSOMAGFELAD\u00c1S"}]},{"@type":"WebSite","@id":"https:\/\/aru-fuvarozas.hu\/#website","url":"https:\/\/aru-fuvarozas.hu\/","name":"Koszta Sped Kft","description":"Nemzetk\u00f6zi \u00e1rusz\u00e1ll\u00edt\u00e1s, Belf\u00f6ldi \u00e1rusz\u00e1ll\u00edt\u00e1s, Belf\u00f6ldi \u00e1ru fuvaroz\u00e1s, Nemzetk\u00f6zi \u00e1ru fuvaroz\u00e1s, Belf\u00f6ldi gy\u0171jt\u0151 \u00e1ru fuvaroz\u00e1s, Nemzetk\u00f6zi gy\u0171jt\u0151 \u00e1ru fuvaroz\u00e1s, t\u00fals\u00falyos \u00e9s t\u00falm\u00e9retes \u00e1rusz\u00e1ll\u00edt\u00e1s, teheraut\u00f3 b\u00e9rl\u00e9s Ecser, plat\u00f3s teheraut\u00f3 b\u00e9rl\u00e9s Ecser, dobozos teheraut\u00f3 b\u00e9rl\u00e9s Ecser , GLS csomagfelad\u00e1si pont","publisher":{"@id":"https:\/\/aru-fuvarozas.hu\/#organization"},"potentialAction":[{"@type":"SearchAction","target":{"@type":"EntryPoint","urlTemplate":"https:\/\/aru-fuvarozas.hu\/?s={search_term_string}"},"query-input":{"@type":"PropertyValueSpecification","valueRequired":true,"valueName":"search_term_string"}}],"inLanguage":"hu"},{"@type":"Organization","@id":"https:\/\/aru-fuvarozas.hu\/#organization","name":"Koszta Sped Kft BELF\u00d6LDI DIREKT \u00c1RUSZ\u00c1LL\u00cdT\u00c1S, GY\u0170JT\u0150 \u00c1RUFUVAROZ\u00c1S, GLS csomagfelad\u00e1s","url":"https:\/\/aru-fuvarozas.hu\/","logo":{"@type":"ImageObject","inLanguage":"hu","@id":"https:\/\/aru-fuvarozas.hu\/#\/schema\/logo\/image\/","url":"https:\/\/aru-fuvarozas.hu\/wp-content\/uploads\/2023\/10\/logo.webp","contentUrl":"https:\/\/aru-fuvarozas.hu\/wp-content\/uploads\/2023\/10\/logo.webp","width":500,"height":100,"caption":"Koszta Sped Kft BELF\u00d6LDI DIREKT \u00c1RUSZ\u00c1LL\u00cdT\u00c1S, GY\u0170JT\u0150 \u00c1RUFUVAROZ\u00c1S, GLS csomagfelad\u00e1s"},"image":{"@id":"https:\/\/aru-fuvarozas.hu\/#\/schema\/logo\/image\/"},"sameAs":["https:\/\/www.facebook.com\/kosztasped"]}]}},"_links":{"self":[{"href":"https:\/\/aru-fuvarozas.hu\/index.php\/wp-json\/wp\/v2\/pages\/2046","targetHints":{"allow":["GET"]}}],"collection":[{"href":"https:\/\/aru-fuvarozas.hu\/index.php\/wp-json\/wp\/v2\/pages"}],"about":[{"href":"https:\/\/aru-fuvarozas.hu\/index.php\/wp-json\/wp\/v2\/types\/page"}],"author":[{"embeddable":true,"href":"https:\/\/aru-fuvarozas.hu\/index.php\/wp-json\/wp\/v2\/users\/1"}],"replies":[{"embeddable":true,"href":"https:\/\/aru-fuvarozas.hu\/index.php\/wp-json\/wp\/v2\/comments?post=2046"}],"version-history":[{"count":6,"href":"https:\/\/aru-fuvarozas.hu\/index.php\/wp-json\/wp\/v2\/pages\/2046\/revisions"}],"predecessor-version":[{"id":2222,"href":"https:\/\/aru-fuvarozas.hu\/index.php\/wp-json\/wp\/v2\/pages\/2046\/revisions\/2222"}],"wp:attachment":[{"href":"https:\/\/aru-fuvarozas.hu\/index.php\/wp-json\/wp\/v2\/media?parent=2046"}],"curies":[{"name":"wp","href":"https:\/\/api.w.org\/{rel}","templated":true}]}}