{"id":1095,"date":"2023-10-25T10:32:25","date_gmt":"2023-10-25T08:32:25","guid":{"rendered":"http:\/\/aru-fuvarozas.hu\/?page_id=1095"},"modified":"2024-03-29T18:21:26","modified_gmt":"2024-03-29T17:21:26","slug":"galeria","status":"publish","type":"page","link":"https:\/\/aru-fuvarozas.hu\/index.php\/galeria\/","title":{"rendered":"Gal\u00e9ria"},"content":{"rendered":"<p>[et_pb_section fb_built=&#8221;1&#8243; _builder_version=&#8221;4.22.2&#8243; _module_preset=&#8221;default&#8221; global_colors_info=&#8221;{}&#8221;][et_pb_row use_custom_gutter=&#8221;on&#8221; gutter_width=&#8221;2&#8243; _builder_version=&#8221;4.22.2&#8243; _module_preset=&#8221;default&#8221; width=&#8221;95%&#8221; width_tablet=&#8221;95%&#8221; width_phone=&#8221;95%&#8221; width_last_edited=&#8221;on|desktop&#8221; max_width=&#8221;100%&#8221; max_width_tablet=&#8221;100%&#8221; max_width_phone=&#8221;100%&#8221; max_width_last_edited=&#8221;on|desktop&#8221; global_colors_info=&#8221;{}&#8221;][et_pb_column type=&#8221;4_4&#8243; _builder_version=&#8221;4.22.2&#8243; _module_preset=&#8221;default&#8221; global_colors_info=&#8221;{}&#8221;][et_pb_gallery gallery_ids=&#8221;2171,2172,2169,1147,1153,1154,2170,1146,2173,2174,2176&#8243; posts_number=&#8221;20&#8243; show_title_and_caption=&#8221;off&#8221; show_pagination=&#8221;off&#8221; _builder_version=&#8221;4.24.2&#8243; _module_preset=&#8221;default&#8221; hover_enabled=&#8221;0&#8243; border_width_all=&#8221;1px&#8221; global_colors_info=&#8221;{}&#8221; sticky_enabled=&#8221;0&#8243;][\/et_pb_gallery][\/et_pb_column][\/et_pb_row][\/et_pb_section]<\/p>\n","protected":false},"excerpt":{"rendered":"","protected":false},"author":1,"featured_media":0,"parent":0,"menu_order":0,"comment_status":"closed","ping_status":"closed","template":"","meta":{"_et_pb_use_builder":"on","_et_pb_old_content":"","_et_gb_content_width":"","inline_featured_image":false,"footnotes":""},"class_list":["post-1095","page","type-page","status-publish","hentry"],"yoast_head":"<!-- This site is optimized with the Yoast SEO plugin v27.5 - https:\/\/yoast.com\/product\/yoast-seo-wordpress\/ -->\n<title>Gal\u00e9ria - Koszta Sped Kft<\/title>\n<meta name=\"robots\" content=\"index, follow, max-snippet:-1, max-image-preview:large, max-video-preview:-1\" \/>\n<link rel=\"canonical\" href=\"https:\/\/aru-fuvarozas.hu\/index.php\/galeria\/\" \/>\n<meta property=\"og:locale\" content=\"hu_HU\" \/>\n<meta property=\"og:type\" content=\"article\" \/>\n<meta property=\"og:title\" content=\"Gal\u00e9ria - Koszta Sped Kft\" \/>\n<meta property=\"og:url\" content=\"https:\/\/aru-fuvarozas.hu\/index.php\/galeria\/\" \/>\n<meta property=\"og:site_name\" content=\"Koszta Sped Kft\" \/>\n<meta property=\"article:publisher\" content=\"https:\/\/www.facebook.com\/kosztasped\" \/>\n<meta property=\"article:modified_time\" content=\"2024-03-29T17:21:26+00:00\" \/>\n<meta name=\"twitter:card\" content=\"summary_large_image\" \/>\n<meta name=\"twitter:label1\" content=\"Becs\u00fclt olvas\u00e1si id\u0151\" \/>\n\t<meta name=\"twitter:data1\" content=\"1 perc\" \/>\n<script type=\"application\/ld+json\" class=\"yoast-schema-graph\">{\"@context\":\"https:\\\/\\\/schema.org\",\"@graph\":[{\"@type\":\"WebPage\",\"@id\":\"https:\\\/\\\/aru-fuvarozas.hu\\\/index.php\\\/galeria\\\/\",\"url\":\"https:\\\/\\\/aru-fuvarozas.hu\\\/index.php\\\/galeria\\\/\",\"name\":\"Gal\u00e9ria - Koszta Sped Kft\",\"isPartOf\":{\"@id\":\"https:\\\/\\\/aru-fuvarozas.hu\\\/#website\"},\"datePublished\":\"2023-10-25T08:32:25+00:00\",\"dateModified\":\"2024-03-29T17:21:26+00:00\",\"breadcrumb\":{\"@id\":\"https:\\\/\\\/aru-fuvarozas.hu\\\/index.php\\\/galeria\\\/#breadcrumb\"},\"inLanguage\":\"hu\",\"potentialAction\":[{\"@type\":\"ReadAction\",\"target\":[\"https:\\\/\\\/aru-fuvarozas.hu\\\/index.php\\\/galeria\\\/\"]}]},{\"@type\":\"BreadcrumbList\",\"@id\":\"https:\\\/\\\/aru-fuvarozas.hu\\\/index.php\\\/galeria\\\/#breadcrumb\",\"itemListElement\":[{\"@type\":\"ListItem\",\"position\":1,\"name\":\"Kezd\u0151lap\",\"item\":\"https:\\\/\\\/aru-fuvarozas.hu\\\/\"},{\"@type\":\"ListItem\",\"position\":2,\"name\":\"Gal\u00e9ria\"}]},{\"@type\":\"WebSite\",\"@id\":\"https:\\\/\\\/aru-fuvarozas.hu\\\/#website\",\"url\":\"https:\\\/\\\/aru-fuvarozas.hu\\\/\",\"name\":\"Koszta Sped Kft\",\"description\":\"Nemzetk\u00f6zi \u00e1rusz\u00e1ll\u00edt\u00e1s, Belf\u00f6ldi \u00e1rusz\u00e1ll\u00edt\u00e1s, Belf\u00f6ldi \u00e1ru fuvaroz\u00e1s, Nemzetk\u00f6zi \u00e1ru fuvaroz\u00e1s, Belf\u00f6ldi gy\u0171jt\u0151 \u00e1ru fuvaroz\u00e1s, Nemzetk\u00f6zi gy\u0171jt\u0151 \u00e1ru fuvaroz\u00e1s, t\u00fals\u00falyos \u00e9s t\u00falm\u00e9retes \u00e1rusz\u00e1ll\u00edt\u00e1s, teheraut\u00f3 b\u00e9rl\u00e9s Ecser, plat\u00f3s teheraut\u00f3 b\u00e9rl\u00e9s Ecser, dobozos teheraut\u00f3 b\u00e9rl\u00e9s Ecser , GLS csomagfelad\u00e1si pont\",\"publisher\":{\"@id\":\"https:\\\/\\\/aru-fuvarozas.hu\\\/#organization\"},\"potentialAction\":[{\"@type\":\"SearchAction\",\"target\":{\"@type\":\"EntryPoint\",\"urlTemplate\":\"https:\\\/\\\/aru-fuvarozas.hu\\\/?s={search_term_string}\"},\"query-input\":{\"@type\":\"PropertyValueSpecification\",\"valueRequired\":true,\"valueName\":\"search_term_string\"}}],\"inLanguage\":\"hu\"},{\"@type\":\"Organization\",\"@id\":\"https:\\\/\\\/aru-fuvarozas.hu\\\/#organization\",\"name\":\"Koszta Sped Kft BELF\u00d6LDI DIREKT \u00c1RUSZ\u00c1LL\u00cdT\u00c1S, GY\u0170JT\u0150 \u00c1RUFUVAROZ\u00c1S, GLS csomagfelad\u00e1s\",\"url\":\"https:\\\/\\\/aru-fuvarozas.hu\\\/\",\"logo\":{\"@type\":\"ImageObject\",\"inLanguage\":\"hu\",\"@id\":\"https:\\\/\\\/aru-fuvarozas.hu\\\/#\\\/schema\\\/logo\\\/image\\\/\",\"url\":\"https:\\\/\\\/aru-fuvarozas.hu\\\/wp-content\\\/uploads\\\/2023\\\/10\\\/logo.webp\",\"contentUrl\":\"https:\\\/\\\/aru-fuvarozas.hu\\\/wp-content\\\/uploads\\\/2023\\\/10\\\/logo.webp\",\"width\":500,\"height\":100,\"caption\":\"Koszta Sped Kft BELF\u00d6LDI DIREKT \u00c1RUSZ\u00c1LL\u00cdT\u00c1S, GY\u0170JT\u0150 \u00c1RUFUVAROZ\u00c1S, GLS csomagfelad\u00e1s\"},\"image\":{\"@id\":\"https:\\\/\\\/aru-fuvarozas.hu\\\/#\\\/schema\\\/logo\\\/image\\\/\"},\"sameAs\":[\"https:\\\/\\\/www.facebook.com\\\/kosztasped\"]}]}<\/script>\n<!-- \/ Yoast SEO plugin. -->","yoast_head_json":{"title":"Gal\u00e9ria - Koszta Sped Kft","robots":{"index":"index","follow":"follow","max-snippet":"max-snippet:-1","max-image-preview":"max-image-preview:large","max-video-preview":"max-video-preview:-1"},"canonical":"https:\/\/aru-fuvarozas.hu\/index.php\/galeria\/","og_locale":"hu_HU","og_type":"article","og_title":"Gal\u00e9ria - Koszta Sped Kft","og_url":"https:\/\/aru-fuvarozas.hu\/index.php\/galeria\/","og_site_name":"Koszta Sped Kft","article_publisher":"https:\/\/www.facebook.com\/kosztasped","article_modified_time":"2024-03-29T17:21:26+00:00","twitter_card":"summary_large_image","twitter_misc":{"Becs\u00fclt olvas\u00e1si id\u0151":"1 perc"},"schema":{"@context":"https:\/\/schema.org","@graph":[{"@type":"WebPage","@id":"https:\/\/aru-fuvarozas.hu\/index.php\/galeria\/","url":"https:\/\/aru-fuvarozas.hu\/index.php\/galeria\/","name":"Gal\u00e9ria - Koszta Sped Kft","isPartOf":{"@id":"https:\/\/aru-fuvarozas.hu\/#website"},"datePublished":"2023-10-25T08:32:25+00:00","dateModified":"2024-03-29T17:21:26+00:00","breadcrumb":{"@id":"https:\/\/aru-fuvarozas.hu\/index.php\/galeria\/#breadcrumb"},"inLanguage":"hu","potentialAction":[{"@type":"ReadAction","target":["https:\/\/aru-fuvarozas.hu\/index.php\/galeria\/"]}]},{"@type":"BreadcrumbList","@id":"https:\/\/aru-fuvarozas.hu\/index.php\/galeria\/#breadcrumb","itemListElement":[{"@type":"ListItem","position":1,"name":"Kezd\u0151lap","item":"https:\/\/aru-fuvarozas.hu\/"},{"@type":"ListItem","position":2,"name":"Gal\u00e9ria"}]},{"@type":"WebSite","@id":"https:\/\/aru-fuvarozas.hu\/#website","url":"https:\/\/aru-fuvarozas.hu\/","name":"Koszta Sped Kft","description":"Nemzetk\u00f6zi \u00e1rusz\u00e1ll\u00edt\u00e1s, Belf\u00f6ldi \u00e1rusz\u00e1ll\u00edt\u00e1s, Belf\u00f6ldi \u00e1ru fuvaroz\u00e1s, Nemzetk\u00f6zi \u00e1ru fuvaroz\u00e1s, Belf\u00f6ldi gy\u0171jt\u0151 \u00e1ru fuvaroz\u00e1s, Nemzetk\u00f6zi gy\u0171jt\u0151 \u00e1ru fuvaroz\u00e1s, t\u00fals\u00falyos \u00e9s t\u00falm\u00e9retes \u00e1rusz\u00e1ll\u00edt\u00e1s, teheraut\u00f3 b\u00e9rl\u00e9s Ecser, plat\u00f3s teheraut\u00f3 b\u00e9rl\u00e9s Ecser, dobozos teheraut\u00f3 b\u00e9rl\u00e9s Ecser , GLS csomagfelad\u00e1si pont","publisher":{"@id":"https:\/\/aru-fuvarozas.hu\/#organization"},"potentialAction":[{"@type":"SearchAction","target":{"@type":"EntryPoint","urlTemplate":"https:\/\/aru-fuvarozas.hu\/?s={search_term_string}"},"query-input":{"@type":"PropertyValueSpecification","valueRequired":true,"valueName":"search_term_string"}}],"inLanguage":"hu"},{"@type":"Organization","@id":"https:\/\/aru-fuvarozas.hu\/#organization","name":"Koszta Sped Kft BELF\u00d6LDI DIREKT \u00c1RUSZ\u00c1LL\u00cdT\u00c1S, GY\u0170JT\u0150 \u00c1RUFUVAROZ\u00c1S, GLS csomagfelad\u00e1s","url":"https:\/\/aru-fuvarozas.hu\/","logo":{"@type":"ImageObject","inLanguage":"hu","@id":"https:\/\/aru-fuvarozas.hu\/#\/schema\/logo\/image\/","url":"https:\/\/aru-fuvarozas.hu\/wp-content\/uploads\/2023\/10\/logo.webp","contentUrl":"https:\/\/aru-fuvarozas.hu\/wp-content\/uploads\/2023\/10\/logo.webp","width":500,"height":100,"caption":"Koszta Sped Kft BELF\u00d6LDI DIREKT \u00c1RUSZ\u00c1LL\u00cdT\u00c1S, GY\u0170JT\u0150 \u00c1RUFUVAROZ\u00c1S, GLS csomagfelad\u00e1s"},"image":{"@id":"https:\/\/aru-fuvarozas.hu\/#\/schema\/logo\/image\/"},"sameAs":["https:\/\/www.facebook.com\/kosztasped"]}]}},"_links":{"self":[{"href":"https:\/\/aru-fuvarozas.hu\/index.php\/wp-json\/wp\/v2\/pages\/1095","targetHints":{"allow":["GET"]}}],"collection":[{"href":"https:\/\/aru-fuvarozas.hu\/index.php\/wp-json\/wp\/v2\/pages"}],"about":[{"href":"https:\/\/aru-fuvarozas.hu\/index.php\/wp-json\/wp\/v2\/types\/page"}],"author":[{"embeddable":true,"href":"https:\/\/aru-fuvarozas.hu\/index.php\/wp-json\/wp\/v2\/users\/1"}],"replies":[{"embeddable":true,"href":"https:\/\/aru-fuvarozas.hu\/index.php\/wp-json\/wp\/v2\/comments?post=1095"}],"version-history":[{"count":7,"href":"https:\/\/aru-fuvarozas.hu\/index.php\/wp-json\/wp\/v2\/pages\/1095\/revisions"}],"predecessor-version":[{"id":2191,"href":"https:\/\/aru-fuvarozas.hu\/index.php\/wp-json\/wp\/v2\/pages\/1095\/revisions\/2191"}],"wp:attachment":[{"href":"https:\/\/aru-fuvarozas.hu\/index.php\/wp-json\/wp\/v2\/media?parent=1095"}],"curies":[{"name":"wp","href":"https:\/\/api.w.org\/{rel}","templated":true}]}}